{"id":2,"date":"2024-09-13T07:47:38","date_gmt":"2024-09-13T07:47:38","guid":{"rendered":"https:\/\/lenceriaimas.rkinformatika.online\/?page_id=2"},"modified":"2024-12-23T15:45:01","modified_gmt":"2024-12-23T15:45:01","slug":"sobre-nosotros","status":"publish","type":"page","link":"https:\/\/shiagaldakao.com\/eus\/","title":{"rendered":"Guri Buruz"},"content":{"rendered":"<div data-elementor-type=\"wp-page\" data-elementor-id=\"2\" class=\"elementor elementor-2\" data-elementor-post-type=\"page\">\n\t\t\t\t<div class=\"elementor-element elementor-element-74fb007 e-con-full e-flex e-con e-parent\" data-id=\"74fb007\" data-element_type=\"container\" data-e-type=\"container\" data-settings=\"{&quot;background_background&quot;:&quot;classic&quot;}\">\n\t\t<div class=\"elementor-element elementor-element-8ac5612 e-con-full e-flex e-con e-child\" data-id=\"8ac5612\" data-element_type=\"container\" data-e-type=\"container\" data-settings=\"{&quot;background_background&quot;:&quot;classic&quot;}\">\n\t\t<div class=\"elementor-element elementor-element-81d720f e-con-full e-flex e-con e-child\" data-id=\"81d720f\" data-element_type=\"container\" data-e-type=\"container\" data-settings=\"{&quot;background_background&quot;:&quot;classic&quot;}\">\n\t\t<div class=\"elementor-element elementor-element-7e26446 e-con-full e-flex e-con e-child\" data-id=\"7e26446\" data-element_type=\"container\" data-e-type=\"container\">\n\t\t\t\t<div class=\"elementor-element elementor-element-be09c19 elementor-widget__width-initial elementor-widget elementor-widget-heading\" data-id=\"be09c19\" data-element_type=\"widget\" data-e-type=\"widget\" data-widget_type=\"heading.default\">\n\t\t\t\t<div class=\"elementor-widget-container\">\n\t\t\t\t\t<h2 class=\"elementor-heading-title elementor-size-default\">SHIA<\/h2>\t\t\t\t<\/div>\n\t\t\t\t<\/div>\n\t\t\t\t<div class=\"elementor-element elementor-element-864c73d elementor-widget__width-initial elementor-widget elementor-widget-heading\" data-id=\"864c73d\" data-element_type=\"widget\" data-e-type=\"widget\" data-widget_type=\"heading.default\">\n\t\t\t\t<div class=\"elementor-widget-container\">\n\t\t\t\t\t<h2 class=\"elementor-heading-title elementor-size-default\">Zure Boutique!<\/h2>\t\t\t\t<\/div>\n\t\t\t\t<\/div>\n\t\t\t\t<div class=\"elementor-element elementor-element-88536d7 elementor-widget__width-initial elementor-widget elementor-widget-heading\" data-id=\"88536d7\" data-element_type=\"widget\" data-e-type=\"widget\" data-widget_type=\"heading.default\">\n\t\t\t\t<div class=\"elementor-widget-container\">\n\t\t\t\t\t<h2 class=\"elementor-heading-title elementor-size-default\">\"Marka guztiak, estilo bakarra: zurea. \"<\/h2>\t\t\t\t<\/div>\n\t\t\t\t<\/div>\n\t\t\t\t<div class=\"elementor-element elementor-element-22841d7 elementor-widget elementor-widget-button\" data-id=\"22841d7\" data-element_type=\"widget\" data-e-type=\"widget\" data-widget_type=\"button.default\">\n\t\t\t\t<div class=\"elementor-widget-container\">\n\t\t\t\t\t\t\t\t\t<div class=\"elementor-button-wrapper\">\n\t\t\t\t\t<a class=\"elementor-button elementor-button-link elementor-size-sm elementor-animation-hang\" href=\"https:\/\/shiagaldakao.com\/eus\/productos\/\">\n\t\t\t\t\t\t<span class=\"elementor-button-content-wrapper\">\n\t\t\t\t\t\t\t\t\t<span class=\"elementor-button-text\">Gehiago Jakin<\/span>\n\t\t\t\t\t<\/span>\n\t\t\t\t\t<\/a>\n\t\t\t\t<\/div>\n\t\t\t\t\t\t\t\t<\/div>\n\t\t\t\t<\/div>\n\t\t\t\t<\/div>\n\t\t\t\t<\/div>\n\t\t\t\t<\/div>\n\t\t\t\t<\/div>\n\t\t<div class=\"elementor-element elementor-element-19009a89 e-flex e-con-boxed e-con e-parent\" data-id=\"19009a89\" data-element_type=\"container\" data-e-type=\"container\" data-settings=\"{&quot;background_background&quot;:&quot;classic&quot;}\">\n\t\t\t\t\t<div class=\"e-con-inner\">\n\t\t<div class=\"elementor-element elementor-element-169bf024 e-con-full e-flex e-con e-child\" data-id=\"169bf024\" data-element_type=\"container\" data-e-type=\"container\" data-settings=\"{&quot;background_background&quot;:&quot;classic&quot;}\">\n\t\t<div class=\"elementor-element elementor-element-6fff0d64 e-con-full e-flex e-con e-child\" data-id=\"6fff0d64\" data-element_type=\"container\" data-e-type=\"container\">\n\t\t\t\t<div class=\"elementor-element elementor-element-7c24311 elementor-invisible elementor-widget elementor-widget-heading\" data-id=\"7c24311\" data-element_type=\"widget\" data-e-type=\"widget\" data-settings=\"{&quot;_animation&quot;:&quot;fadeInUp&quot;}\" data-widget_type=\"heading.default\">\n\t\t\t\t<div class=\"elementor-widget-container\">\n\t\t\t\t\t<h2 class=\"elementor-heading-title elementor-size-default\">Guri Buruz<\/h2>\t\t\t\t<\/div>\n\t\t\t\t<\/div>\n\t\t\t\t<div class=\"elementor-element elementor-element-f385e2b elementor-invisible elementor-widget elementor-widget-text-editor\" data-id=\"f385e2b\" data-element_type=\"widget\" data-e-type=\"widget\" data-settings=\"{&quot;_animation&quot;:&quot;fadeInUp&quot;}\" data-widget_type=\"text-editor.default\">\n\t\t\t\t<div class=\"elementor-widget-container\">\n\t\t\t\t\t\t\t\t\t<p>Duela 10 urte baino gehiago, moda janzteko modu bat ez ezik, nor garen adierazteko modu bat izango zen espazio bat sortzea erabaki genuen. Horrela hasi zen SHIAren historia, benetako pertsonentzat pentsatutako lekua, jantzi, osagarri edo osagarri bakoitzaren bidez beren nortasuna islatzea bilatzen duena.<\/p><p>Shia ez da denda bat bakarrik, esperientzia bat baizik. Modarekiko eta pertsonekiko maitasunez sortutako espazioa<\/p><p><strong>Bisita gaitzazu eta ezagutu gure denda!<\/strong><\/p>\t\t\t\t\t\t\t\t<\/div>\n\t\t\t\t<\/div>\n\t\t\t\t<\/div>\n\t\t\t\t<\/div>\n\t\t\t\t\t<\/div>\n\t\t\t\t<\/div>\n\t\t<div class=\"elementor-element elementor-element-841c71a e-con-full e-flex e-con e-parent\" data-id=\"841c71a\" data-element_type=\"container\" data-e-type=\"container\">\n\t\t<div class=\"elementor-element elementor-element-8b6b249 e-con-full e-flex e-con e-child\" data-id=\"8b6b249\" data-element_type=\"container\" data-e-type=\"container\">\n\t\t\t\t<div class=\"elementor-element elementor-element-46afabe elementor-widget__width-initial elementor-widget-tablet__width-initial elementor-invisible elementor-widget elementor-widget-counter\" data-id=\"46afabe\" data-element_type=\"widget\" data-e-type=\"widget\" data-settings=\"{&quot;_animation&quot;:&quot;fadeInUp&quot;}\" data-widget_type=\"counter.default\">\n\t\t\t\t<div class=\"elementor-widget-container\">\n\t\t\t\t\t\t\t<div class=\"elementor-counter\">\n\t\t\t<div class=\"elementor-counter-title\">Esperientzia-urteak <\/div>\t\t\t<div class=\"elementor-counter-number-wrapper\">\n\t\t\t\t<span class=\"elementor-counter-number-prefix\">+<\/span>\n\t\t\t\t<span class=\"elementor-counter-number\" data-duration=\"2000\" data-to-value=\"10\" data-from-value=\"0\" data-delimiter=\",\">0<\/span>\n\t\t\t\t<span class=\"elementor-counter-number-suffix\"><\/span>\n\t\t\t<\/div>\n\t\t<\/div>\n\t\t\t\t\t\t<\/div>\n\t\t\t\t<\/div>\n\t\t\t\t<\/div>\n\t\t<div class=\"elementor-element elementor-element-4d5bcb0 e-con-full e-flex e-con e-child\" data-id=\"4d5bcb0\" data-element_type=\"container\" data-e-type=\"container\">\n\t\t\t\t<div class=\"elementor-element elementor-element-119ee41 elementor-widget__width-initial elementor-widget-tablet__width-initial elementor-invisible elementor-widget elementor-widget-counter\" data-id=\"119ee41\" data-element_type=\"widget\" data-e-type=\"widget\" data-settings=\"{&quot;_animation&quot;:&quot;fadeInUp&quot;}\" data-widget_type=\"counter.default\">\n\t\t\t\t<div class=\"elementor-widget-container\">\n\t\t\t\t\t\t\t<div class=\"elementor-counter\">\n\t\t\t<div class=\"elementor-counter-title\">Marken lankidetzak<\/div>\t\t\t<div class=\"elementor-counter-number-wrapper\">\n\t\t\t\t<span class=\"elementor-counter-number-prefix\">+<\/span>\n\t\t\t\t<span class=\"elementor-counter-number\" data-duration=\"2000\" data-to-value=\"10\" data-from-value=\"0\" data-delimiter=\".\">0<\/span>\n\t\t\t\t<span class=\"elementor-counter-number-suffix\"><\/span>\n\t\t\t<\/div>\n\t\t<\/div>\n\t\t\t\t\t\t<\/div>\n\t\t\t\t<\/div>\n\t\t\t\t<\/div>\n\t\t<div class=\"elementor-element elementor-element-c3bd539 e-con-full e-flex e-con e-child\" data-id=\"c3bd539\" data-element_type=\"container\" data-e-type=\"container\">\n\t\t\t\t<div class=\"elementor-element elementor-element-f0ddb70 elementor-widget__width-initial elementor-widget-tablet__width-initial elementor-invisible elementor-widget elementor-widget-counter\" data-id=\"f0ddb70\" data-element_type=\"widget\" data-e-type=\"widget\" data-settings=\"{&quot;_animation&quot;:&quot;fadeInUp&quot;}\" data-widget_type=\"counter.default\">\n\t\t\t\t<div class=\"elementor-widget-container\">\n\t\t\t\t\t\t\t<div class=\"elementor-counter\">\n\t\t\t<div class=\"elementor-counter-title\">Pozik dauden bezeroak<\/div>\t\t\t<div class=\"elementor-counter-number-wrapper\">\n\t\t\t\t<span class=\"elementor-counter-number-prefix\">+<\/span>\n\t\t\t\t<span class=\"elementor-counter-number\" data-duration=\"2000\" data-to-value=\"1000\" data-from-value=\"0\" data-delimiter=\",\">0<\/span>\n\t\t\t\t<span class=\"elementor-counter-number-suffix\"><\/span>\n\t\t\t<\/div>\n\t\t<\/div>\n\t\t\t\t\t\t<\/div>\n\t\t\t\t<\/div>\n\t\t\t\t<\/div>\n\t\t\t\t<\/div>\n\t\t\t\t<section class=\"elementor-section elementor-top-section elementor-element elementor-element-63f62d50 elementor-section-boxed elementor-section-height-default elementor-section-height-default\" data-id=\"63f62d50\" data-element_type=\"section\" data-e-type=\"section\">\n\t\t\t\t\t\t<div class=\"elementor-container elementor-column-gap-default\">\n\t\t\t\t\t<div class=\"elementor-column elementor-col-100 elementor-top-column elementor-element elementor-element-494f8361\" data-id=\"494f8361\" data-element_type=\"column\" data-e-type=\"column\">\n\t\t\t<div class=\"elementor-widget-wrap elementor-element-populated\">\n\t\t\t\t\t\t<div class=\"elementor-element elementor-element-42fa703b elementor-widget elementor-widget-heading\" data-id=\"42fa703b\" data-element_type=\"widget\" data-e-type=\"widget\" data-widget_type=\"heading.default\">\n\t\t\t\t<div class=\"elementor-widget-container\">\n\t\t\t\t\t<h2 class=\"elementor-heading-title elementor-size-default\">Aurkitu zenuela? <\/h2>\t\t\t\t<\/div>\n\t\t\t\t<\/div>\n\t\t\t\t<section class=\"elementor-section elementor-inner-section elementor-element elementor-element-744f76e9 elementor-section-boxed elementor-section-height-default elementor-section-height-default\" data-id=\"744f76e9\" data-element_type=\"section\" data-e-type=\"section\">\n\t\t\t\t\t\t<div class=\"elementor-container elementor-column-gap-no\">\n\t\t\t\t\t<div class=\"elementor-column elementor-col-33 elementor-inner-column elementor-element elementor-element-2debabfa\" data-id=\"2debabfa\" data-element_type=\"column\" data-e-type=\"column\" data-settings=\"{&quot;background_background&quot;:&quot;classic&quot;}\">\n\t\t\t<div class=\"elementor-widget-wrap elementor-element-populated\">\n\t\t\t\t\t<div class=\"elementor-background-overlay\"><\/div>\n\t\t\t\t\t\t<div class=\"elementor-element elementor-element-2be42525 elementor-widget-tablet__width-initial elementor-widget elementor-widget-heading\" data-id=\"2be42525\" data-element_type=\"widget\" data-e-type=\"widget\" data-widget_type=\"heading.default\">\n\t\t\t\t<div class=\"elementor-widget-container\">\n\t\t\t\t\t<h4 class=\"elementor-heading-title elementor-size-default\">Arropa<\/h4>\t\t\t\t<\/div>\n\t\t\t\t<\/div>\n\t\t\t\t\t<\/div>\n\t\t<\/div>\n\t\t\t\t<div class=\"elementor-column elementor-col-33 elementor-inner-column elementor-element elementor-element-2e514cfc\" data-id=\"2e514cfc\" data-element_type=\"column\" data-e-type=\"column\" data-settings=\"{&quot;background_background&quot;:&quot;classic&quot;}\">\n\t\t\t<div class=\"elementor-widget-wrap elementor-element-populated\">\n\t\t\t\t\t<div class=\"elementor-background-overlay\"><\/div>\n\t\t\t\t\t\t<div class=\"elementor-element elementor-element-8d559e1 elementor-widget-tablet__width-initial elementor-widget elementor-widget-heading\" data-id=\"8d559e1\" data-element_type=\"widget\" data-e-type=\"widget\" data-widget_type=\"heading.default\">\n\t\t\t\t<div class=\"elementor-widget-container\">\n\t\t\t\t\t<h4 class=\"elementor-heading-title elementor-size-default\">Osagarriak<\/h4>\t\t\t\t<\/div>\n\t\t\t\t<\/div>\n\t\t\t\t\t<\/div>\n\t\t<\/div>\n\t\t\t\t<div class=\"elementor-column elementor-col-33 elementor-inner-column elementor-element elementor-element-373c1037\" data-id=\"373c1037\" data-element_type=\"column\" data-e-type=\"column\" data-settings=\"{&quot;background_background&quot;:&quot;classic&quot;}\">\n\t\t\t<div class=\"elementor-widget-wrap elementor-element-populated\">\n\t\t\t\t\t<div class=\"elementor-background-overlay\"><\/div>\n\t\t\t\t\t\t<div class=\"elementor-element elementor-element-2c13ad3b elementor-widget-tablet__width-initial elementor-widget elementor-widget-heading\" data-id=\"2c13ad3b\" data-element_type=\"widget\" data-e-type=\"widget\" data-widget_type=\"heading.default\">\n\t\t\t\t<div class=\"elementor-widget-container\">\n\t\t\t\t\t<h4 class=\"elementor-heading-title elementor-size-default\">Poltsak<\/h4>\t\t\t\t<\/div>\n\t\t\t\t<\/div>\n\t\t\t\t\t<\/div>\n\t\t<\/div>\n\t\t\t\t\t<\/div>\n\t\t<\/section>\n\t\t\t\t\t<\/div>\n\t\t<\/div>\n\t\t\t\t\t<\/div>\n\t\t<\/section>\n\t\t\t\t<\/div>","protected":false},"excerpt":{"rendered":"<p>SHIA \u00a1Tu Boutique! \u00abTodas las marcas, un solo estilo: el Tuyo.\u00bb Saber M\u00e1s Sobre Nosotros Hace m\u00e1s de 10 a\u00f1os decidimos crear un espacio donde la moda no solo fuera una forma de vestir, sino una manera de expresar qui\u00e9nes somos. As\u00ed comenz\u00f3 la historia de SHIA, un lugar pensado para personas aut\u00e9nticas, que buscan [&hellip;]<\/p>\n","protected":false},"author":2,"featured_media":0,"parent":0,"menu_order":0,"comment_status":"closed","ping_status":"closed","template":"elementor_canvas","meta":{"footnotes":""},"class_list":["post-2","page","type-page","status-publish","hentry"],"yoast_head":"<!-- This site is optimized with the Yoast SEO plugin v27.3 - https:\/\/yoast.com\/product\/yoast-seo-wordpress\/ -->\n<title>Sobre Nosotros - Shia Galdakao<\/title>\n<meta name=\"robots\" content=\"index, follow, max-snippet:-1, max-image-preview:large, max-video-preview:-1\" \/>\n<link rel=\"canonical\" href=\"https:\/\/shiagaldakao.com\/eus\/\" \/>\n<meta property=\"og:locale\" content=\"en_US\" \/>\n<meta property=\"og:type\" content=\"article\" \/>\n<meta property=\"og:title\" content=\"Sobre Nosotros - Shia Galdakao\" \/>\n<meta property=\"og:description\" content=\"SHIA \u00a1Tu Boutique! \u00abTodas las marcas, un solo estilo: el Tuyo.\u00bb Saber M\u00e1s Sobre Nosotros Hace m\u00e1s de 10 a\u00f1os decidimos crear un espacio donde la moda no solo fuera una forma de vestir, sino una manera de expresar qui\u00e9nes somos. As\u00ed comenz\u00f3 la historia de SHIA, un lugar pensado para personas aut\u00e9nticas, que buscan [&hellip;]\" \/>\n<meta property=\"og:url\" content=\"https:\/\/shiagaldakao.com\/eus\/\" \/>\n<meta property=\"og:site_name\" content=\"Shia Galdakao\" \/>\n<meta property=\"article:modified_time\" content=\"2024-12-23T15:45:01+00:00\" \/>\n<meta name=\"twitter:card\" content=\"summary_large_image\" \/>\n<meta name=\"twitter:label1\" content=\"Est. reading time\" \/>\n\t<meta name=\"twitter:data1\" content=\"1 minutua\" \/>\n<script type=\"application\/ld+json\" class=\"yoast-schema-graph\">{\"@context\":\"https:\\\/\\\/schema.org\",\"@graph\":[{\"@type\":\"WebPage\",\"@id\":\"https:\\\/\\\/shiagaldakao.com\\\/\",\"url\":\"https:\\\/\\\/shiagaldakao.com\\\/\",\"name\":\"Sobre Nosotros - Shia Galdakao\",\"isPartOf\":{\"@id\":\"https:\\\/\\\/shiagaldakao.com\\\/#website\"},\"datePublished\":\"2024-09-13T07:47:38+00:00\",\"dateModified\":\"2024-12-23T15:45:01+00:00\",\"breadcrumb\":{\"@id\":\"https:\\\/\\\/shiagaldakao.com\\\/#breadcrumb\"},\"inLanguage\":\"eu\",\"potentialAction\":[{\"@type\":\"ReadAction\",\"target\":[\"https:\\\/\\\/shiagaldakao.com\\\/\"]}]},{\"@type\":\"BreadcrumbList\",\"@id\":\"https:\\\/\\\/shiagaldakao.com\\\/#breadcrumb\",\"itemListElement\":[{\"@type\":\"ListItem\",\"position\":1,\"name\":\"Portada\",\"item\":\"https:\\\/\\\/shiagaldakao.com\\\/\"},{\"@type\":\"ListItem\",\"position\":2,\"name\":\"Sobre Nosotros\"}]},{\"@type\":\"WebSite\",\"@id\":\"https:\\\/\\\/shiagaldakao.com\\\/#website\",\"url\":\"https:\\\/\\\/shiagaldakao.com\\\/\",\"name\":\"Shia Galdakao\",\"description\":\" Visita nuestra tienda multimarca, donde podr\u00e1s encontrar tu mejor look a precios incre\u00edbles!\",\"publisher\":{\"@id\":\"https:\\\/\\\/shiagaldakao.com\\\/#organization\"},\"potentialAction\":[{\"@type\":\"SearchAction\",\"target\":{\"@type\":\"EntryPoint\",\"urlTemplate\":\"https:\\\/\\\/shiagaldakao.com\\\/?s={search_term_string}\"},\"query-input\":{\"@type\":\"PropertyValueSpecification\",\"valueRequired\":true,\"valueName\":\"search_term_string\"}}],\"inLanguage\":\"eu\"},{\"@type\":\"Organization\",\"@id\":\"https:\\\/\\\/shiagaldakao.com\\\/#organization\",\"name\":\"Shia Galdakao\",\"url\":\"https:\\\/\\\/shiagaldakao.com\\\/\",\"logo\":{\"@type\":\"ImageObject\",\"inLanguage\":\"eu\",\"@id\":\"https:\\\/\\\/shiagaldakao.com\\\/#\\\/schema\\\/logo\\\/image\\\/\",\"url\":\"https:\\\/\\\/shiagaldakao.com\\\/wp-content\\\/uploads\\\/2024\\\/12\\\/cropped-Diseno-sin-titulo.png\",\"contentUrl\":\"https:\\\/\\\/shiagaldakao.com\\\/wp-content\\\/uploads\\\/2024\\\/12\\\/cropped-Diseno-sin-titulo.png\",\"width\":500,\"height\":143,\"caption\":\"Shia Galdakao\"},\"image\":{\"@id\":\"https:\\\/\\\/shiagaldakao.com\\\/#\\\/schema\\\/logo\\\/image\\\/\"}}]}<\/script>\n<!-- \/ Yoast SEO plugin. -->","yoast_head_json":{"title":"Sobre Nosotros - Shia Galdakao","robots":{"index":"index","follow":"follow","max-snippet":"max-snippet:-1","max-image-preview":"max-image-preview:large","max-video-preview":"max-video-preview:-1"},"canonical":"https:\/\/shiagaldakao.com\/eus\/","og_locale":"en_US","og_type":"article","og_title":"Sobre Nosotros - Shia Galdakao","og_description":"SHIA \u00a1Tu Boutique! \u00abTodas las marcas, un solo estilo: el Tuyo.\u00bb Saber M\u00e1s Sobre Nosotros Hace m\u00e1s de 10 a\u00f1os decidimos crear un espacio donde la moda no solo fuera una forma de vestir, sino una manera de expresar qui\u00e9nes somos. As\u00ed comenz\u00f3 la historia de SHIA, un lugar pensado para personas aut\u00e9nticas, que buscan [&hellip;]","og_url":"https:\/\/shiagaldakao.com\/eus\/","og_site_name":"Shia Galdakao","article_modified_time":"2024-12-23T15:45:01+00:00","twitter_card":"summary_large_image","twitter_misc":{"Est. reading time":"1 minutua"},"schema":{"@context":"https:\/\/schema.org","@graph":[{"@type":"WebPage","@id":"https:\/\/shiagaldakao.com\/","url":"https:\/\/shiagaldakao.com\/","name":"Sobre Nosotros - Shia Galdakao","isPartOf":{"@id":"https:\/\/shiagaldakao.com\/#website"},"datePublished":"2024-09-13T07:47:38+00:00","dateModified":"2024-12-23T15:45:01+00:00","breadcrumb":{"@id":"https:\/\/shiagaldakao.com\/#breadcrumb"},"inLanguage":"eu","potentialAction":[{"@type":"ReadAction","target":["https:\/\/shiagaldakao.com\/"]}]},{"@type":"BreadcrumbList","@id":"https:\/\/shiagaldakao.com\/#breadcrumb","itemListElement":[{"@type":"ListItem","position":1,"name":"Portada","item":"https:\/\/shiagaldakao.com\/"},{"@type":"ListItem","position":2,"name":"Sobre Nosotros"}]},{"@type":"WebSite","@id":"https:\/\/shiagaldakao.com\/#website","url":"https:\/\/shiagaldakao.com\/","name":"Shia Galdakao","description":"Visita nuestra tienda multimarca, donde podr\u00e1s encontrar tu mejor look a precios incre\u00edbles!","publisher":{"@id":"https:\/\/shiagaldakao.com\/#organization"},"potentialAction":[{"@type":"SearchAction","target":{"@type":"EntryPoint","urlTemplate":"https:\/\/shiagaldakao.com\/?s={search_term_string}"},"query-input":{"@type":"PropertyValueSpecification","valueRequired":true,"valueName":"search_term_string"}}],"inLanguage":"eu"},{"@type":"Organization","@id":"https:\/\/shiagaldakao.com\/#organization","name":"Shia Galdakao","url":"https:\/\/shiagaldakao.com\/","logo":{"@type":"ImageObject","inLanguage":"eu","@id":"https:\/\/shiagaldakao.com\/#\/schema\/logo\/image\/","url":"https:\/\/shiagaldakao.com\/wp-content\/uploads\/2024\/12\/cropped-Diseno-sin-titulo.png","contentUrl":"https:\/\/shiagaldakao.com\/wp-content\/uploads\/2024\/12\/cropped-Diseno-sin-titulo.png","width":500,"height":143,"caption":"Shia Galdakao"},"image":{"@id":"https:\/\/shiagaldakao.com\/#\/schema\/logo\/image\/"}}]}},"_links":{"self":[{"href":"https:\/\/shiagaldakao.com\/eus\/wp-json\/wp\/v2\/pages\/2","targetHints":{"allow":["GET"]}}],"collection":[{"href":"https:\/\/shiagaldakao.com\/eus\/wp-json\/wp\/v2\/pages"}],"about":[{"href":"https:\/\/shiagaldakao.com\/eus\/wp-json\/wp\/v2\/types\/page"}],"author":[{"embeddable":true,"href":"https:\/\/shiagaldakao.com\/eus\/wp-json\/wp\/v2\/users\/2"}],"replies":[{"embeddable":true,"href":"https:\/\/shiagaldakao.com\/eus\/wp-json\/wp\/v2\/comments?post=2"}],"version-history":[{"count":617,"href":"https:\/\/shiagaldakao.com\/eus\/wp-json\/wp\/v2\/pages\/2\/revisions"}],"predecessor-version":[{"id":3019,"href":"https:\/\/shiagaldakao.com\/eus\/wp-json\/wp\/v2\/pages\/2\/revisions\/3019"}],"wp:attachment":[{"href":"https:\/\/shiagaldakao.com\/eus\/wp-json\/wp\/v2\/media?parent=2"}],"curies":[{"name":"wp","href":"https:\/\/api.w.org\/{rel}","templated":true}]}}